{"id":328,"date":"2022-04-26T12:18:57","date_gmt":"2022-04-26T12:18:57","guid":{"rendered":"http:\/\/thaibinhhaxuyen.com\/?page_id=328"},"modified":"2022-04-26T15:08:12","modified_gmt":"2022-04-26T15:08:12","slug":"dear-binh","status":"publish","type":"page","link":"https:\/\/thaibinhhaxuyen.com\/index.php\/dear-binh\/","title":{"rendered":"Dear B\u00ecnh,"},"content":{"rendered":"\n<h1 class=\"has-text-align-center wp-block-heading\">Dear B\u00ecnh,<\/h1>\n\n\n\n<h2 class=\"has-text-align-center wp-block-heading\">This is a love journey I have spent with you. Each day till whole life\u2026<\/h2>\n\n\n\n<h1 class=\"has-text-align-center wp-block-heading\">It\u2019s all about the family of three:<\/h1>\n\n\n\n<h3 class=\"has-text-align-center wp-block-heading\">B\u00ecnh, Xuy\u00ean &amp; our dear baby boy<\/h3>\n\n\n\n<p class=\"has-text-align-center\"><strong>LATEST LOVE LETTERS<\/strong><\/p>\n\n\n\n<p><img fetchpriority=\"high\" decoding=\"async\" width=\"1080\" height=\"720\" class=\"wp-image-331\" style=\"width: 1080px;\" src=\"http:\/\/thaibinhhaxuyen.com\/wp-content\/uploads\/2022\/04\/family-e1637291900999.jpg\" alt=\"\" srcset=\"https:\/\/thaibinhhaxuyen.com\/wp-content\/uploads\/2022\/04\/family-e1637291900999.jpg 1059w, https:\/\/thaibinhhaxuyen.com\/wp-content\/uploads\/2022\/04\/family-e1637291900999-300x200.jpg 300w, https:\/\/thaibinhhaxuyen.com\/wp-content\/uploads\/2022\/04\/family-e1637291900999-1024x683.jpg 1024w, https:\/\/thaibinhhaxuyen.com\/wp-content\/uploads\/2022\/04\/family-e1637291900999-768x512.jpg 768w, https:\/\/thaibinhhaxuyen.com\/wp-content\/uploads\/2022\/04\/family-e1637291900999-600x400.jpg 600w\" sizes=\"(max-width: 1080px) 100vw, 1080px\" \/><\/p>\n\n\n\n<figure class=\"wp-block-gallery has-nested-images columns-default is-cropped wp-block-gallery-1 is-layout-flex wp-block-gallery-is-layout-flex\">\n<figure class=\"wp-block-image size-large\"><img decoding=\"async\" width=\"1024\" height=\"683\" data-id=\"334\" src=\"http:\/\/thaibinhhaxuyen.com\/wp-content\/uploads\/2022\/04\/jum_9932-1-1024x683.jpg\" alt=\"\" class=\"wp-image-334\" srcset=\"https:\/\/thaibinhhaxuyen.com\/wp-content\/uploads\/2022\/04\/jum_9932-1-1024x683.jpg 1024w, https:\/\/thaibinhhaxuyen.com\/wp-content\/uploads\/2022\/04\/jum_9932-1-300x200.jpg 300w, https:\/\/thaibinhhaxuyen.com\/wp-content\/uploads\/2022\/04\/jum_9932-1-768x512.jpg 768w, https:\/\/thaibinhhaxuyen.com\/wp-content\/uploads\/2022\/04\/jum_9932-1-1536x1024.jpg 1536w, https:\/\/thaibinhhaxuyen.com\/wp-content\/uploads\/2022\/04\/jum_9932-1-2048x1365.jpg 2048w, https:\/\/thaibinhhaxuyen.com\/wp-content\/uploads\/2022\/04\/jum_9932-1-600x400.jpg 600w\" sizes=\"(max-width: 1024px) 100vw, 1024px\" \/><\/figure>\n\n\n\n<figure class=\"wp-block-image size-large\"><img decoding=\"async\" width=\"1024\" height=\"683\" data-id=\"335\" src=\"http:\/\/thaibinhhaxuyen.com\/wp-content\/uploads\/2022\/04\/jum_2945-1-1024x683.jpg\" alt=\"\" class=\"wp-image-335\" srcset=\"https:\/\/thaibinhhaxuyen.com\/wp-content\/uploads\/2022\/04\/jum_2945-1-1024x683.jpg 1024w, https:\/\/thaibinhhaxuyen.com\/wp-content\/uploads\/2022\/04\/jum_2945-1-300x200.jpg 300w, https:\/\/thaibinhhaxuyen.com\/wp-content\/uploads\/2022\/04\/jum_2945-1-768x512.jpg 768w, https:\/\/thaibinhhaxuyen.com\/wp-content\/uploads\/2022\/04\/jum_2945-1-1536x1024.jpg 1536w, https:\/\/thaibinhhaxuyen.com\/wp-content\/uploads\/2022\/04\/jum_2945-1-2048x1365.jpg 2048w, https:\/\/thaibinhhaxuyen.com\/wp-content\/uploads\/2022\/04\/jum_2945-1-600x400.jpg 600w\" sizes=\"(max-width: 1024px) 100vw, 1024px\" \/><\/figure>\n<\/figure>\n\n\n\n<div class=\"wp-block-query is-layout-flow wp-block-query-is-layout-flow\"><ul class=\"is-flex-container columns-3 wp-block-post-template is-layout-flow wp-block-post-template-is-layout-flow\"><li class=\"wp-block-post post-392 post type-post status-publish format-standard hentry category-uncategorized\">\n\n<div class=\"wp-block-group\" style=\"padding-top:30px;padding-right:30px;padding-bottom:30px;padding-left:30px\"><div class=\"wp-block-group__inner-container is-layout-flow wp-block-group-is-layout-flow\"><h2 class=\"wp-block-post-title\"><a href=\"https:\/\/thaibinhhaxuyen.com\/index.php\/2022\/04\/15\/14-04-2022-the-consequences-of-choice\/\" target=\"_self\" >14\/04\/22. The consequences of choice<\/a><\/h2>\n\n<div class=\"wp-block-post-excerpt\"><p class=\"wp-block-post-excerpt__excerpt\">H\u00ecnh \u1ea3nh n\u00e0y em s\u1ebd kh\u1eafc ghi trong tim, nh\u01b0 m\u1ed9t s\u1ef1 nh\u1eafc nh\u1edf r\u1eb1ng: m\u1ecdi s\u1ef1 l\u1ef1a ch\u1ecdn \u0111\u1ec1u c\u00f3 c\u00e1i gi\u00e1 c\u1ee7a n\u00f3. H\u00f4m nay ch\u00fang ta h\u1eb9n h\u00f2 m\u1ed9t c\u00e1i h\u1eb9n kh\u00f4ng c\u00f2n gi\u1ed1ng thu\u1edf m\u1edbi y\u00eau v\u00e0 thu\u1edf son r\u1ed7i. Em v\u1ed9i v\u00e0ng t\u1eafm cho con, anh v\u1ed9i v\u00e0ng xem x\u00e9t&hellip; <\/p><\/div>\n\n<div class=\"wp-block-post-date\"><time datetime=\"2022-04-15T22:58:00+00:00\">April 15, 2022<\/time><\/div><\/div><\/div>\n\n<\/li><li class=\"wp-block-post post-76 post type-post status-publish format-standard hentry category-uncategorized\">\n\n<div class=\"wp-block-group\" style=\"padding-top:30px;padding-right:30px;padding-bottom:30px;padding-left:30px\"><div class=\"wp-block-group__inner-container is-layout-flow wp-block-group-is-layout-flow\"><h2 class=\"wp-block-post-title\"><a href=\"https:\/\/thaibinhhaxuyen.com\/index.php\/2022\/04\/07\/54-say-something\/\" target=\"_self\" >18\/11\/21. D\u1ea1 d\u00e0y<\/a><\/h2>\n\n<div class=\"wp-block-post-excerpt\"><p class=\"wp-block-post-excerpt__excerpt\">Ng\u01b0\u1eddi \u0111\u00e0n \u00f4ng c\u1ee7a em c\u00f3 c\u00e1i d\u1ea1 d\u00e0y \u201cd\u1ec5 t\u00ednh\u201d! Em r\u1ea5t bi\u1ebft \u01a1n ng\u01b0\u1eddi \u0111\u00e3 se duy\u00ean ch\u00fang ta v\u00ec \u0111i\u1ec1u n\u00e0y \ud83d\ude1a. Tuy anh h\u1ea5p th\u1ee5 kh\u00f4ng t\u1ed1t nh\u01b0ng anh kho\u1ebb l\u00e0 \u0111\u01b0\u1ee3c. Tuy anh hay nhi\u1ec7t mi\u1ec7ng nh\u01b0ng \u0103n v\u1eabn ngon mi\u1ec7ng l\u00e0 \u0111\u01b0\u1ee3c. Em ch\u01b0a bao gi\u1edd c\u1ea7n ng\u01b0\u1eddi \u0111\u00e0n&hellip; <\/p><\/div>\n\n<div class=\"wp-block-post-date\"><time datetime=\"2022-04-07T00:29:28+00:00\">April 7, 2022<\/time><\/div><\/div><\/div>\n\n<\/li><li class=\"wp-block-post post-387 post type-post status-publish format-standard hentry category-uncategorized\">\n\n<div class=\"wp-block-group\" style=\"padding-top:30px;padding-right:30px;padding-bottom:30px;padding-left:30px\"><div class=\"wp-block-group__inner-container is-layout-flow wp-block-group-is-layout-flow\"><h2 class=\"wp-block-post-title\"><a href=\"https:\/\/thaibinhhaxuyen.com\/index.php\/2022\/03\/30\/30-03-22-dan-ong\/\" target=\"_self\" >30\/03\/22. \u0110\u00e0n \u00f4ng<\/a><\/h2>\n\n<div class=\"wp-block-post-excerpt\"><p class=\"wp-block-post-excerpt__excerpt\">Trong b\u1ee9c h\u00ecnh n\u00e0y l\u00e0 hai ng\u01b0\u1eddi \u0111\u00e0n \u00f4ng quan tr\u1ecdng nh\u1ea5t c\u1ee7a cu\u1ed9c \u0111\u1eddi em! \u0110\u00fang! C\u00f3 l\u1ebd l\u00e0 hai ng\u01b0\u1eddi \u0111\u00e0n \u00f4ng quan tr\u1ecdng \u0111\u1ea7u ti\u00ean v\u00e0 c\u0169ng l\u00e0 cu\u1ed1i c\u00f9ng\u2026 Ng\u01b0\u1eddi con g\u00e1i b\u1ecb khi\u1ebfm khuy\u1ebft t\u00ecnh y\u00eau th\u01b0\u01a1ng c\u1ee7a b\u1ed1 t\u1eeb nh\u1ecf &#8211; nh\u01b0 em &#8211; kh\u00f3 l\u00f2ng \u00fd th\u1ee9c \u0111\u01b0\u1ee3c&hellip; <\/p><\/div>\n\n<div class=\"wp-block-post-date\"><time datetime=\"2022-03-30T02:38:00+00:00\">March 30, 2022<\/time><\/div><\/div><\/div>\n\n<\/li><li class=\"wp-block-post post-143 post type-post status-publish format-standard hentry category-uncategorized\">\n\n<div class=\"wp-block-group\" style=\"padding-top:30px;padding-right:30px;padding-bottom:30px;padding-left:30px\"><div class=\"wp-block-group__inner-container is-layout-flow wp-block-group-is-layout-flow\"><h2 class=\"wp-block-post-title\"><a href=\"https:\/\/thaibinhhaxuyen.com\/index.php\/2021\/11\/21\/52-di-choi\/\" target=\"_self\" >20\/11\/21. \u0110i ch\u01a1i<\/a><\/h2>\n\n<div class=\"wp-block-post-excerpt\"><p class=\"wp-block-post-excerpt__excerpt\">H\u00f4m nay nh\u00e0 m\u00ecnh \u0111i ch\u01a1i nh\u00e2n ng\u00e0y k\u1ef7 ni\u1ec7m 01 n\u0103m ng\u00e0y c\u01b0\u1edbi c\u1ee7a \u0111\u00f4i tr\u1ebb (22\/11\/2020-22\/11\/2021). Chuy\u1ebfn \u0111i m\u0129 m\u00e3n (nh\u01b0 th\u01b0\u1eddng l\u1ec7) nh\u01b0ng ti\u1ebfc l\u00e0 ch\u1ec9 c\u00f3 nh\u00e0 em \u0111\u1ea7y \u0111\u1ee7 c\u00f2n nh\u00e0 anh th\u00ec ch\u01b0a. Chuy\u1ebfn \u0111i v\u1edbi l\u1ecbch tr\u00ecnh \u0111\u01a1n gi\u1ea3n: S\u00e1ng th\u1ee9 7 th\u0103m quan L\u00e0ng V\u0103n Ho\u00e1 C\u00e1c&hellip; <\/p><\/div>\n\n<div class=\"wp-block-post-date\"><time datetime=\"2021-11-21T20:04:31+00:00\">November 21, 2021<\/time><\/div><\/div><\/div>\n\n<\/li><li class=\"wp-block-post post-144 post type-post status-publish format-standard hentry category-uncategorized\">\n\n<div class=\"wp-block-group\" style=\"padding-top:30px;padding-right:30px;padding-bottom:30px;padding-left:30px\"><div class=\"wp-block-group__inner-container is-layout-flow wp-block-group-is-layout-flow\"><h2 class=\"wp-block-post-title\"><a href=\"https:\/\/thaibinhhaxuyen.com\/index.php\/2021\/11\/19\/53-nhac-anh\/\" target=\"_self\" >19\/11\/21. Nh\u1eafc anh<\/a><\/h2>\n\n<div class=\"wp-block-post-excerpt\"><p class=\"wp-block-post-excerpt__excerpt\">B\u1ed1i r\u1ed1i v\u00ec ch\u01b0a bi\u1ebft chu\u1ea9n b\u1ecb nh\u01b0 th\u1ebf n\u00e0o, ra sao. L\u1eadp post \u0111\u1ec3 nh\u1eafc anh l\u00e0 ph\u1ee5, nh\u1eafc em l\u00e0 ch\u00ednh \u263a\ufe0f 1. B\u00e1o cho b\u1ea3o hi\u1ec3m AIA: b\u00e1o s\u1edbm \u0111\u1ec3 h\u00e3ng c\u00f3 ph\u01b0\u01a1ng \u00e1n chuy\u1ec3n \u0111\u1ed5i g\u00f3i cho ph\u00f9 h\u1ee3p. &gt;&gt; ok. 22\/11 anh nh\u1eafn \u0111\u00e3 l\u00e0m xong 2. Mua vali: vali&hellip; <\/p><\/div>\n\n<div class=\"wp-block-post-date\"><time datetime=\"2021-11-19T20:16:00+00:00\">November 19, 2021<\/time><\/div><\/div><\/div>\n\n<\/li><\/ul><\/div>\n","protected":false},"excerpt":{"rendered":"<p>Dear B\u00ecnh, This is a love journey I have spent with you. Each day till whole life\u2026 It\u2019s all about the family of three: B\u00ecnh, Xuy\u00ean &amp; our dear baby boy LATEST LOVE LETTERS<\/p>\n","protected":false},"author":1,"featured_media":331,"parent":0,"menu_order":0,"comment_status":"closed","ping_status":"closed","template":"page-templates\/full-width.php","meta":{"footnotes":""},"class_list":["post-328","page","type-page","status-publish","has-post-thumbnail","hentry"],"_links":{"self":[{"href":"https:\/\/thaibinhhaxuyen.com\/index.php\/wp-json\/wp\/v2\/pages\/328","targetHints":{"allow":["GET"]}}],"collection":[{"href":"https:\/\/thaibinhhaxuyen.com\/index.php\/wp-json\/wp\/v2\/pages"}],"about":[{"href":"https:\/\/thaibinhhaxuyen.com\/index.php\/wp-json\/wp\/v2\/types\/page"}],"author":[{"embeddable":true,"href":"https:\/\/thaibinhhaxuyen.com\/index.php\/wp-json\/wp\/v2\/users\/1"}],"replies":[{"embeddable":true,"href":"https:\/\/thaibinhhaxuyen.com\/index.php\/wp-json\/wp\/v2\/comments?post=328"}],"version-history":[{"count":7,"href":"https:\/\/thaibinhhaxuyen.com\/index.php\/wp-json\/wp\/v2\/pages\/328\/revisions"}],"predecessor-version":[{"id":401,"href":"https:\/\/thaibinhhaxuyen.com\/index.php\/wp-json\/wp\/v2\/pages\/328\/revisions\/401"}],"wp:featuredmedia":[{"embeddable":true,"href":"https:\/\/thaibinhhaxuyen.com\/index.php\/wp-json\/wp\/v2\/media\/331"}],"wp:attachment":[{"href":"https:\/\/thaibinhhaxuyen.com\/index.php\/wp-json\/wp\/v2\/media?parent=328"}],"curies":[{"name":"wp","href":"https:\/\/api.w.org\/{rel}","templated":true}]}}