{"id":102,"date":"2020-07-07T07:22:23","date_gmt":"2020-07-07T07:22:23","guid":{"rendered":"https:\/\/bizbergthemes.com\/happy-wedding-day-lite\/?page_id=23"},"modified":"2022-08-04T07:59:45","modified_gmt":"2022-08-04T07:59:45","slug":"homepage-free","status":"publish","type":"page","link":"https:\/\/thaibinhhaxuyen.com\/","title":{"rendered":"L\u1ec5 C\u01b0\u1edbi"},"content":{"rendered":"\t\t<div data-elementor-type=\"wp-page\" data-elementor-id=\"102\" class=\"elementor elementor-102\">\n\t\t\t\t\t\t<section class=\"elementor-section elementor-top-section elementor-element elementor-element-b8c0d33 elementor-section-height-full elementor-section-boxed elementor-section-height-default elementor-section-items-middle\" data-id=\"b8c0d33\" data-element_type=\"section\" data-e-type=\"section\" data-settings=\"{&quot;background_background&quot;:&quot;classic&quot;}\">\n\t\t\t\t\t\t\t<div class=\"elementor-background-overlay\"><\/div>\n\t\t\t\t\t\t\t<div class=\"elementor-container elementor-column-gap-default\">\n\t\t\t\t\t<div class=\"elementor-column elementor-col-100 elementor-top-column elementor-element elementor-element-8a3345f\" data-id=\"8a3345f\" data-element_type=\"column\" data-e-type=\"column\">\n\t\t\t<div class=\"elementor-widget-wrap elementor-element-populated\">\n\t\t\t\t\t\t<div class=\"elementor-element elementor-element-7e45dd4 elementor-view-default elementor-invisible elementor-widget elementor-widget-icon\" data-id=\"7e45dd4\" data-element_type=\"widget\" data-e-type=\"widget\" data-settings=\"{&quot;_animation&quot;:&quot;fadeInDown&quot;}\" data-widget_type=\"icon.default\">\n\t\t\t\t<div class=\"elementor-widget-container\">\n\t\t\t\t\t\t\t<div class=\"elementor-icon-wrapper\">\n\t\t\t<div class=\"elementor-icon\">\n\t\t\t\t\t\t<\/div>\n\t\t<\/div>\n\t\t\t\t\t\t<\/div>\n\t\t\t\t<\/div>\n\t\t\t\t<div class=\"elementor-element elementor-element-a8457eb elementor-invisible elementor-widget elementor-widget-heading\" data-id=\"a8457eb\" data-element_type=\"widget\" data-e-type=\"widget\" data-settings=\"{&quot;_animation&quot;:&quot;fadeInDown&quot;,&quot;_animation_delay&quot;:500}\" data-widget_type=\"heading.default\">\n\t\t\t\t<div class=\"elementor-widget-container\">\n\t\t\t\t\t<h3 class=\"elementor-heading-title elementor-size-default\">Th\u00e1i B\u00ecnh &amp; H\u00e0 Xuy\u00ean<\/h3>\t\t\t\t<\/div>\n\t\t\t\t<\/div>\n\t\t\t\t<div class=\"elementor-element elementor-element-6d5852e elementor-invisible elementor-widget elementor-widget-heading\" data-id=\"6d5852e\" data-element_type=\"widget\" data-e-type=\"widget\" data-settings=\"{&quot;_animation&quot;:&quot;fadeInDown&quot;,&quot;_animation_delay&quot;:1000}\" data-widget_type=\"heading.default\">\n\t\t\t\t<div class=\"elementor-widget-container\">\n\t\t\t\t\t<div class=\"elementor-heading-title elementor-size-default\">L\u1ec4 TH\u00c0NH H\u00d4N<\/div>\t\t\t\t<\/div>\n\t\t\t\t<\/div>\n\t\t\t\t<div class=\"elementor-element elementor-element-a1d387d elementor-widget__width-auto elementor-invisible elementor-widget elementor-widget-heading\" data-id=\"a1d387d\" data-element_type=\"widget\" data-e-type=\"widget\" data-settings=\"{&quot;_animation&quot;:&quot;fadeInDown&quot;,&quot;_animation_delay&quot;:1500}\" data-widget_type=\"heading.default\">\n\t\t\t\t<div class=\"elementor-widget-container\">\n\t\t\t\t\t<div class=\"elementor-heading-title elementor-size-default\"><a href=\"https:\/\/l.messenger.com\/l.php?u=https%3A%2F%2Fmaps.app.goo.gl%2FNvcnJBP6V59irYhR9&#038;h=AT22Rh9WU58OCc85549mQ6i2-OalWkh_tSR8l_pBASn6GjpZWL50mHgWfCgtwiBsd_q6PfZkg39l8TtQlcbxumM3_UVncBuh8M8xA2s5mhitUSJdoLDd09_Nq3nvJPuaoRTlcQ\" target=\"_blank\">Ng\u00e0y 22 th\u00e1ng 11 n\u0103m 2020\n<br>Trung t\u00e2m t\u1ed5 ch\u1ee9c s\u1ef1 ki\u1ec7n Uri Palace\n<br>s\u1ed1 23 \u0111\u01b0\u1eddng L\u00ea Th\u00e1i T\u1ed5, TP B\u1eafc Ninh<\/a><\/div>\t\t\t\t<\/div>\n\t\t\t\t<\/div>\n\t\t\t\t\t<\/div>\n\t\t<\/div>\n\t\t\t\t\t<\/div>\n\t\t<\/section>\n\t\t\t\t<section class=\"elementor-section elementor-top-section elementor-element elementor-element-84d286f elementor-section-boxed elementor-section-height-default elementor-section-height-default\" data-id=\"84d286f\" data-element_type=\"section\" data-e-type=\"section\">\n\t\t\t\t\t\t\t<div class=\"elementor-background-overlay\"><\/div>\n\t\t\t\t\t\t\t<div class=\"elementor-container elementor-column-gap-default\">\n\t\t\t\t\t<div class=\"elementor-column elementor-col-100 elementor-top-column elementor-element elementor-element-6e5efcd\" data-id=\"6e5efcd\" data-element_type=\"column\" data-e-type=\"column\">\n\t\t\t<div class=\"elementor-widget-wrap elementor-element-populated\">\n\t\t\t\t\t\t<div class=\"elementor-element elementor-element-f3384d8 elementor-invisible elementor-widget elementor-widget-image\" data-id=\"f3384d8\" data-element_type=\"widget\" data-e-type=\"widget\" data-settings=\"{&quot;_animation&quot;:&quot;fadeInDown&quot;}\" data-widget_type=\"image.default\">\n\t\t\t\t<div class=\"elementor-widget-container\">\n\t\t\t\t\t\t\t\t\t\t\t\t\t\t\t<img decoding=\"async\" src=\"https:\/\/bizbergthemes.com\/happy-wedding-day-lite\/wp-content\/uploads\/sites\/11\/2020\/07\/sec-title-flower.png\" title=\"\" alt=\"\" loading=\"lazy\" \/>\t\t\t\t\t\t\t\t\t\t\t\t\t\t\t<\/div>\n\t\t\t\t<\/div>\n\t\t\t\t<div class=\"elementor-element elementor-element-2c00ffa elementor-widget elementor-widget-heading\" data-id=\"2c00ffa\" data-element_type=\"widget\" data-e-type=\"widget\" data-widget_type=\"heading.default\">\n\t\t\t\t<div class=\"elementor-widget-container\">\n\t\t\t\t\t<div class=\"elementor-heading-title elementor-size-default\">Con\/ch\u00e1u\/em Th\u00e1i B\u00ecnh v\u00e0 H\u00e0 Xuy\u00ean tr\u00e2n tr\u1ecdng g\u1eedi l\u1eddi m\u1eddi \u0111\u1ebfn c\u00e1c c\u1ee5, c\u00e1c \u00f4ng, c\u00e1c b\u00e0, c\u00e1c b\u00e1c, c\u00e1c c\u00f4, c\u00e1c ch\u00fa h\u1ecd h\u00e0ng hai b\u00ean; c\u00e1c b\u00e1c, c\u00e1c c\u00f4, c\u00e1c ch\u00fa, c\u00e1c th\u1ea7y, c\u00e1c c\u00f4, c\u00e1c anh ch\u1ecb em b\u1ea1n b\u00e8, \u0111\u1ed3ng nghi\u1ec7p k\u00ednh m\u1ebfn b\u1edbt ch\u00fat th\u1eddi gian \u0111\u1ebfn v\u1edbi th\u00e0nh ph\u1ed1 B\u1eafc Ninh v\u0103n hi\u1ebfn, y\u00ean b\u00ecnh \u0111\u1ec3 c\u00f9ng d\u00f9ng b\u1eefa ti\u1ec7c chung vui v\u1edbi hai ch\u00e1u v\u00e0 c\u1ea3 gia \u0111\u00ecnh!<\/div>\t\t\t\t<\/div>\n\t\t\t\t<\/div>\n\t\t\t\t\t<\/div>\n\t\t<\/div>\n\t\t\t\t\t<\/div>\n\t\t<\/section>\n\t\t\t\t<section class=\"elementor-section elementor-top-section elementor-element elementor-element-4c6b726 elementor-section-boxed elementor-section-height-default elementor-section-height-default\" data-id=\"4c6b726\" data-element_type=\"section\" data-e-type=\"section\">\n\t\t\t\t\t\t\t<div class=\"elementor-background-overlay\"><\/div>\n\t\t\t\t\t\t\t<div class=\"elementor-container elementor-column-gap-default\">\n\t\t\t\t\t<div class=\"elementor-column elementor-col-100 elementor-top-column elementor-element elementor-element-136d3ab\" data-id=\"136d3ab\" data-element_type=\"column\" data-e-type=\"column\">\n\t\t\t<div class=\"elementor-widget-wrap elementor-element-populated\">\n\t\t\t\t\t\t<div class=\"elementor-element elementor-element-fd74654 elementor-invisible elementor-widget elementor-widget-image\" data-id=\"fd74654\" data-element_type=\"widget\" data-e-type=\"widget\" data-settings=\"{&quot;_animation&quot;:&quot;fadeInDown&quot;}\" data-widget_type=\"image.default\">\n\t\t\t\t<div class=\"elementor-widget-container\">\n\t\t\t\t\t\t\t\t\t\t\t\t\t\t\t<img decoding=\"async\" src=\"https:\/\/bizbergthemes.com\/happy-wedding-day-lite\/wp-content\/uploads\/sites\/11\/2020\/07\/sec-title-flower.png\" title=\"\" alt=\"\" loading=\"lazy\" \/>\t\t\t\t\t\t\t\t\t\t\t\t\t\t\t<\/div>\n\t\t\t\t<\/div>\n\t\t\t\t<div class=\"elementor-element elementor-element-c78aae5 elementor-invisible elementor-widget elementor-widget-heading\" data-id=\"c78aae5\" data-element_type=\"widget\" data-e-type=\"widget\" data-settings=\"{&quot;_animation&quot;:&quot;fadeInDown&quot;}\" data-widget_type=\"heading.default\">\n\t\t\t\t<div class=\"elementor-widget-container\">\n\t\t\t\t\t<h2 class=\"elementor-heading-title elementor-size-default\">\u0110\u1eebng lo l\u1eafng v\u1ec1 \u0111i\u1ec1u g\u00ec c\u1ea3..\u200b<\/h2>\t\t\t\t<\/div>\n\t\t\t\t<\/div>\n\t\t\t\t<div class=\"elementor-element elementor-element-9ca3d14 elementor-widget elementor-widget-heading\" data-id=\"9ca3d14\" data-element_type=\"widget\" data-e-type=\"widget\" data-widget_type=\"heading.default\">\n\t\t\t\t<div class=\"elementor-widget-container\">\n\t\t\t\t\t<div class=\"elementor-heading-title elementor-size-default\">\u0110\u1ec3 \u0111\u1ea3m b\u1ea3o thu\u1eadn ti\u1ec7n nh\u1ea5t cho anh ch\u1ecb em b\u1ea1n b\u00e8 \u0111\u1ed3ng nghi\u1ec7p tr\u00e2n qu\u00fd trong qu\u00e1 tr\u00ecnh di chuy\u1ec3n, gia \u0111\u00ecnh \u0111\u00e3 b\u1ed1 tr\u00ed c\u00e1c xe \u0111\u00f3n:\n<br>1. <a href=\"https:\/\/maps.app.goo.gl\/UE2BhkicmSyrx3o96\" target=\"_blank\"><b>B\u1ec7nh Vi\u1ec7n Th\u1ec3 Thao Vi\u1ec7t Nam<\/b> \ud83d\udc48 b\u1ea5m v\u00e0o \u0111\u00e2y\n<br>Ph\u1ed1 \u0110\u1ed7 Xu\u00e2n H\u1ee3p, M\u1ef9 \u0110\u00ecnh, Nam T\u1eeb Li\u00eam, H\u00e0 N\u1ed9i<\/a>\n<br>Xe 45 ch\u1ed7 kh\u1edfi h\u00e0nh l\u00fac <b>8h00 22\/11\/2020<\/b>.\n<br><img decoding=\"async\" role=\"img\" class=\"emoji\" alt=\"\ud83d\udcf2\" src=\"https:\/\/s.w.org\/images\/core\/emoji\/13.0.0\/svg\/1f4f2.svg\">\u0110\u1ea7u m\u1ed1i li\u00ean h\u1ec7: anh Vi\u1ec7t (\u0111\u1ed3ng nghi\u1ec7p ch\u00fa r\u1ec3): <a href=\"tel:0981883401\">0981883401<\/a>\n<br>T\u00e0i x\u1ebf: Mr. H\u1ea3i <a href=\"tel:0913378893\">0913378893<\/a>\n<br>2. <a href=\"https:\/\/goo.gl\/maps\/Zx2SXhMNMMBEQQUz6\" target=\"_blank\"><b>C\u1ed5ng Tr\u1ea7n \u0110\u1ea1i Ngh\u0129a, \u0110\u1ea1i h\u1ecdc B\u00e1ch Khoa H\u00e0 N\u1ed9i<\/b> \ud83d\udc48 b\u1ea5m v\u00e0o \u0111\u00e2y<\/a>\n<br>Xe 45 ch\u1ed7 kh\u1edfi h\u00e0nh l\u00fac <b>8h20 22\/11\/2020<\/b>.\n<br><img decoding=\"async\" role=\"img\" class=\"emoji\" alt=\"\ud83d\udcf2\" src=\"https:\/\/s.w.org\/images\/core\/emoji\/13.0.0\/svg\/1f4f2.svg\">\u0110\u1ea7u m\u1ed1i li\u00ean h\u1ec7: em Th\u01b0\u01a1ng (b\u1ea1n ch\u00fa r\u1ec3): <a href=\"tel:0967707994\">0967707994<\/a>\n<br>T\u00e0i x\u1ebf: Mr. H\u1ea3i <a href=\"tel:0913378893\">0913378893<\/a>\n<br>3. C\u00e1c xe \u0111\u00f3n kh\u00e1ch t\u1ea1i nh\u00e0 g\u00e1i \u1edf <a href=\"https:\/\/maps.app.goo.gl\/WihEMtZeiQxsDuzi7\" target=\"_blank\">to\u00e0 Ecolife, s\u1ed1 58 T\u1ed1 H\u1eefu.<\/a>\n<br>\u0110\u1ea7u m\u1ed1i li\u00ean h\u1ec7: \n<br>ch\u1ecb H\u1ea1nh (ch\u1ecb g\u00e1i c\u00f4 d\u00e2u): <a href=\"tel:0904434996\">0904434996<\/a>\n<br>anh Vi\u1ec7t (anh r\u1ec3 c\u00f4 d\u00e2u): <a href=\"tel:0904404996\">0904404996<\/a>\n<br>Gia \u0111\u00ecnh Th\u00e1i B\u00ecnh v\u00e0 H\u00e0 Xuy\u00ean h\u00e2n h\u1ea1nh \u0111\u01b0\u1ee3c \u0111\u00f3n ti\u1ebfp!<\/div>\t\t\t\t<\/div>\n\t\t\t\t<\/div>\n\t\t\t\t\t<\/div>\n\t\t<\/div>\n\t\t\t\t\t<\/div>\n\t\t<\/section>\n\t\t\t\t<section class=\"elementor-section elementor-top-section elementor-element elementor-element-15f2211 elementor-section-boxed elementor-section-height-default elementor-section-height-default\" data-id=\"15f2211\" data-element_type=\"section\" data-e-type=\"section\">\n\t\t\t\t\t\t\t<div class=\"elementor-background-overlay\"><\/div>\n\t\t\t\t\t\t\t<div class=\"elementor-container elementor-column-gap-no\">\n\t\t\t\t\t<div class=\"elementor-column elementor-col-50 elementor-top-column elementor-element elementor-element-439d599 elementor-invisible\" data-id=\"439d599\" data-element_type=\"column\" data-e-type=\"column\" data-settings=\"{&quot;background_background&quot;:&quot;classic&quot;,&quot;animation&quot;:&quot;fadeInLeft&quot;}\">\n\t\t\t<div class=\"elementor-widget-wrap elementor-element-populated\">\n\t\t\t\t\t\t<div class=\"elementor-element elementor-element-1d8bf6b elementor-position-inline-start elementor-view-default elementor-mobile-position-block-start elementor-widget elementor-widget-icon-box\" data-id=\"1d8bf6b\" data-element_type=\"widget\" data-e-type=\"widget\" data-widget_type=\"icon-box.default\">\n\t\t\t\t<div class=\"elementor-widget-container\">\n\t\t\t\t\t\t\t<div class=\"elementor-icon-box-wrapper\">\n\n\t\t\t\t\t\t<div class=\"elementor-icon-box-icon\">\n\t\t\t\t<span  class=\"elementor-icon\">\n\t\t\t\t\t\t\t\t<\/span>\n\t\t\t<\/div>\n\t\t\t\n\t\t\t\t\t\t<div class=\"elementor-icon-box-content\">\n\n\t\t\t\t\t\t\t\t\t<h3 class=\"elementor-icon-box-title\">\n\t\t\t\t\t\t<span  >\n\t\t\t\t\t\t\t\u0110\u1ebfm ng\u01b0\u1ee3c t\u1edbi\t\t\t\t\t\t<\/span>\n\t\t\t\t\t<\/h3>\n\t\t\t\t\n\t\t\t\t\t\t\t\t\t<p class=\"elementor-icon-box-description\">\n\t\t\t\t\t\tNG\u00c0Y TR\u1eccNG \u0110\u1ea0I C\u1ee6A CH\u00daNG T\u00d4I\t\t\t\t\t<\/p>\n\t\t\t\t\n\t\t\t<\/div>\n\t\t\t\n\t\t<\/div>\n\t\t\t\t\t\t<\/div>\n\t\t\t\t<\/div>\n\t\t\t\t\t<\/div>\n\t\t<\/div>\n\t\t\t\t<div class=\"elementor-column elementor-col-50 elementor-top-column elementor-element elementor-element-9592938 elementor-invisible\" data-id=\"9592938\" data-element_type=\"column\" data-e-type=\"column\" data-settings=\"{&quot;animation&quot;:&quot;fadeInRight&quot;}\">\n\t\t\t<div class=\"elementor-widget-wrap\">\n\t\t\t\t\t\t\t<\/div>\n\t\t<\/div>\n\t\t\t\t\t<\/div>\n\t\t<\/section>\n\t\t\t\t<section class=\"elementor-section elementor-top-section elementor-element elementor-element-ad45094 elementor-section-boxed elementor-section-height-default elementor-section-height-default\" data-id=\"ad45094\" data-element_type=\"section\" data-e-type=\"section\">\n\t\t\t\t\t\t\t<div class=\"elementor-background-overlay\"><\/div>\n\t\t\t\t\t\t\t<div class=\"elementor-container elementor-column-gap-default\">\n\t\t\t\t\t<div class=\"elementor-column elementor-col-100 elementor-top-column elementor-element elementor-element-445c946\" data-id=\"445c946\" data-element_type=\"column\" data-e-type=\"column\">\n\t\t\t<div class=\"elementor-widget-wrap elementor-element-populated\">\n\t\t\t\t\t\t<div class=\"elementor-element elementor-element-b9cc80a elementor-invisible elementor-widget elementor-widget-image\" data-id=\"b9cc80a\" data-element_type=\"widget\" data-e-type=\"widget\" data-settings=\"{&quot;_animation&quot;:&quot;fadeInDown&quot;}\" data-widget_type=\"image.default\">\n\t\t\t\t<div class=\"elementor-widget-container\">\n\t\t\t\t\t\t\t\t\t\t\t\t\t\t\t<img decoding=\"async\" src=\"https:\/\/bizbergthemes.com\/happy-wedding-day-lite\/wp-content\/uploads\/sites\/11\/2020\/07\/sec-title-flower.png\" title=\"\" alt=\"\" loading=\"lazy\" \/>\t\t\t\t\t\t\t\t\t\t\t\t\t\t\t<\/div>\n\t\t\t\t<\/div>\n\t\t\t\t<div class=\"elementor-element elementor-element-54b2755 elementor-invisible elementor-widget elementor-widget-heading\" data-id=\"54b2755\" data-element_type=\"widget\" data-e-type=\"widget\" data-settings=\"{&quot;_animation&quot;:&quot;fadeInDown&quot;}\" data-widget_type=\"heading.default\">\n\t\t\t\t<div class=\"elementor-widget-container\">\n\t\t\t\t\t<h2 class=\"elementor-heading-title elementor-size-default\">\u0110\u1ecba \u0111i\u1ec3m<\/h2>\t\t\t\t<\/div>\n\t\t\t\t<\/div>\n\t\t\t\t<div class=\"elementor-element elementor-element-148a2df elementor-invisible elementor-widget elementor-widget-text-editor\" data-id=\"148a2df\" data-element_type=\"widget\" data-e-type=\"widget\" data-settings=\"{&quot;_animation&quot;:&quot;fadeInDown&quot;}\" data-widget_type=\"text-editor.default\">\n\t\t\t\t<div class=\"elementor-widget-container\">\n\t\t\t\t\t\t\t\t\t<p><a class=\"oajrlxb2 g5ia77u1 qu0x051f esr5mh6w e9989ue4 r7d6kgcz rq0escxv nhd2j8a9 nc684nl6 p7hjln8o kvgmc6g5 cxmmr5t8 oygrvhab hcukyx3x jb3vyjys rz4wbd8a qt6c0cv9 a8nywdso i1ao9s8h esuyzwwr f1sip0of lzcic4wl py34i1dx gpro0wi8\" tabindex=\"0\" role=\"link\" href=\"https:\/\/l.messenger.com\/l.php?u=https%3A%2F%2Fmaps.app.goo.gl%2FNvcnJBP6V59irYhR9&amp;h=AT22Rh9WU58OCc85549mQ6i2-OalWkh_tSR8l_pBASn6GjpZWL50mHgWfCgtwiBsd_q6PfZkg39l8TtQlcbxumM3_UVncBuh8M8xA2s5mhitUSJdoLDd09_Nq3nvJPuaoRTlcQ\" target=\"_blank\" rel=\"nofollow noopener\">Trung t\u00e2m t\u1ed5 ch\u1ee9c s\u1ef1 ki\u1ec7n Uri Palace, s\u1ed1 23 \u0111\u01b0\u1eddng L\u00ea Th\u00e1i T\u1ed5, V\u00f5 C\u01b0\u1eddng, TP B\u1eafc Ninh<\/a><\/p>\t\t\t\t\t\t\t\t<\/div>\n\t\t\t\t<\/div>\n\t\t\t\t<div class=\"elementor-element elementor-element-3ba6a2f elementor-invisible elementor-widget elementor-widget-google_maps\" data-id=\"3ba6a2f\" data-element_type=\"widget\" data-e-type=\"widget\" data-settings=\"{&quot;_animation&quot;:&quot;zoomIn&quot;}\" data-widget_type=\"google_maps.default\">\n\t\t\t\t<div class=\"elementor-widget-container\">\n\t\t\t\t\t\t\t<div class=\"elementor-custom-embed\">\n\t\t\t<iframe loading=\"lazy\"\n\t\t\t\t\tsrc=\"https:\/\/maps.google.com\/maps?q=Trung%20t%C3%A2m%20t%E1%BB%95%20ch%E1%BB%A9c%20s%E1%BB%B1%20ki%E1%BB%87n%20URI%20PALACE&#038;t=m&#038;z=15&#038;output=embed&#038;iwloc=near\"\n\t\t\t\t\ttitle=\"Trung t\u00e2m t\u1ed5 ch\u1ee9c s\u1ef1 ki\u1ec7n URI PALACE\"\n\t\t\t\t\taria-label=\"Trung t\u00e2m t\u1ed5 ch\u1ee9c s\u1ef1 ki\u1ec7n URI PALACE\"\n\t\t\t><\/iframe>\n\t\t<\/div>\n\t\t\t\t\t\t<\/div>\n\t\t\t\t<\/div>\n\t\t\t\t\t<\/div>\n\t\t<\/div>\n\t\t\t\t\t<\/div>\n\t\t<\/section>\n\t\t\t\t<section class=\"elementor-section elementor-top-section elementor-element elementor-element-1901981 elementor-section-boxed elementor-section-height-default elementor-section-height-default\" data-id=\"1901981\" data-element_type=\"section\" data-e-type=\"section\" data-settings=\"{&quot;background_background&quot;:&quot;classic&quot;}\">\n\t\t\t\t\t\t<div class=\"elementor-container elementor-column-gap-default\">\n\t\t\t\t\t<div class=\"elementor-column elementor-col-33 elementor-top-column elementor-element elementor-element-1169334 elementor-invisible\" data-id=\"1169334\" data-element_type=\"column\" data-e-type=\"column\" data-settings=\"{&quot;background_background&quot;:&quot;classic&quot;,&quot;animation&quot;:&quot;fadeInLeft&quot;}\">\n\t\t\t<div class=\"elementor-widget-wrap elementor-element-populated\">\n\t\t\t\t\t\t<div class=\"elementor-element elementor-element-97ee367 elementor-widget elementor-widget-spacer\" data-id=\"97ee367\" data-element_type=\"widget\" data-e-type=\"widget\" data-widget_type=\"spacer.default\">\n\t\t\t\t<div class=\"elementor-widget-container\">\n\t\t\t\t\t\t\t<div class=\"elementor-spacer\">\n\t\t\t<div class=\"elementor-spacer-inner\"><\/div>\n\t\t<\/div>\n\t\t\t\t\t\t<\/div>\n\t\t\t\t<\/div>\n\t\t\t\t\t<\/div>\n\t\t<\/div>\n\t\t\t\t<div class=\"elementor-column elementor-col-33 elementor-top-column elementor-element elementor-element-e34fe5d elementor-invisible\" data-id=\"e34fe5d\" data-element_type=\"column\" data-e-type=\"column\" data-settings=\"{&quot;background_background&quot;:&quot;classic&quot;,&quot;animation&quot;:&quot;fadeInUp&quot;}\">\n\t\t\t<div class=\"elementor-widget-wrap elementor-element-populated\">\n\t\t\t\t\t\t<div class=\"elementor-element elementor-element-f03fc72 elementor-view-default elementor-position-block-start elementor-mobile-position-block-start elementor-widget elementor-widget-icon-box\" data-id=\"f03fc72\" data-element_type=\"widget\" data-e-type=\"widget\" data-widget_type=\"icon-box.default\">\n\t\t\t\t<div class=\"elementor-widget-container\">\n\t\t\t\t\t\t\t<div class=\"elementor-icon-box-wrapper\">\n\n\t\t\t\t\t\t<div class=\"elementor-icon-box-icon\">\n\t\t\t\t<a href=\"https:\/\/maps.app.goo.gl\/WihEMtZeiQxsDuzi7\" class=\"elementor-icon\" tabindex=\"-1\" aria-label=\"L\u1ec4 VU QUY\">\n\t\t\t\t<i aria-hidden=\"true\" class=\"fas fa-glass-cheers\"><\/i>\t\t\t\t<\/a>\n\t\t\t<\/div>\n\t\t\t\n\t\t\t\t\t\t<div class=\"elementor-icon-box-content\">\n\n\t\t\t\t\t\t\t\t\t<h3 class=\"elementor-icon-box-title\">\n\t\t\t\t\t\t<a href=\"https:\/\/maps.app.goo.gl\/WihEMtZeiQxsDuzi7\" >\n\t\t\t\t\t\t\tL\u1ec4 VU QUY\t\t\t\t\t\t<\/a>\n\t\t\t\t\t<\/h3>\n\t\t\t\t\n\t\t\t\t\t\t\t\t\t<p class=\"elementor-icon-box-description\">\n\t\t\t\t\t\t7H00 ng\u00e0y 22 th\u00e1ng 11 n\u0103m 2020<br>\nT\u1ea1i t\u1ea7ng 4, t\u00f2a A2, chung c\u01b0 Ecolife Capitol\n<br>58 T\u1ed1 H\u1eefu, Nam T\u1eeb Li\u00eam, H\u00e0 N\u1ed9i\t\t\t\t\t<\/p>\n\t\t\t\t\n\t\t\t<\/div>\n\t\t\t\n\t\t<\/div>\n\t\t\t\t\t\t<\/div>\n\t\t\t\t<\/div>\n\t\t\t\t\t<\/div>\n\t\t<\/div>\n\t\t\t\t<div class=\"elementor-column elementor-col-33 elementor-top-column elementor-element elementor-element-6cabc2f elementor-invisible\" data-id=\"6cabc2f\" data-element_type=\"column\" data-e-type=\"column\" data-settings=\"{&quot;background_background&quot;:&quot;classic&quot;,&quot;animation&quot;:&quot;fadeInRight&quot;}\">\n\t\t\t<div class=\"elementor-widget-wrap elementor-element-populated\">\n\t\t\t\t\t\t<div class=\"elementor-element elementor-element-d0c42e3 elementor-view-default elementor-position-block-start elementor-mobile-position-block-start elementor-widget elementor-widget-icon-box\" data-id=\"d0c42e3\" data-element_type=\"widget\" data-e-type=\"widget\" data-widget_type=\"icon-box.default\">\n\t\t\t\t<div class=\"elementor-widget-container\">\n\t\t\t\t\t\t\t<div class=\"elementor-icon-box-wrapper\">\n\n\t\t\t\t\t\t<div class=\"elementor-icon-box-icon\">\n\t\t\t\t<a href=\"https:\/\/maps.app.goo.gl\/NvcnJBP6V59irYhR9\" class=\"elementor-icon\" tabindex=\"-1\" aria-label=\"L\u1ec4 TH\u00c0NH H\u00d4N\">\n\t\t\t\t<i aria-hidden=\"true\" class=\"fas fa-birthday-cake\"><\/i>\t\t\t\t<\/a>\n\t\t\t<\/div>\n\t\t\t\n\t\t\t\t\t\t<div class=\"elementor-icon-box-content\">\n\n\t\t\t\t\t\t\t\t\t<h3 class=\"elementor-icon-box-title\">\n\t\t\t\t\t\t<a href=\"https:\/\/maps.app.goo.gl\/NvcnJBP6V59irYhR9\" >\n\t\t\t\t\t\t\tL\u1ec4 TH\u00c0NH H\u00d4N\t\t\t\t\t\t<\/a>\n\t\t\t\t\t<\/h3>\n\t\t\t\t\n\t\t\t\t\t\t\t\t\t<p class=\"elementor-icon-box-description\">\n\t\t\t\t\t\t10H ng\u00e0y 22 th\u00e1ng 11 n\u0103m 2020<br>\nTrung t\u00e2m s\u1ef1 ki\u1ec7n Uri Palace<br>s\u1ed1 23 L\u00ea Th\u00e1i T\u1ed5, TP B\u1eafc Ninh.\t\t\t\t\t<\/p>\n\t\t\t\t\n\t\t\t<\/div>\n\t\t\t\n\t\t<\/div>\n\t\t\t\t\t\t<\/div>\n\t\t\t\t<\/div>\n\t\t\t\t\t<\/div>\n\t\t<\/div>\n\t\t\t\t\t<\/div>\n\t\t<\/section>\n\t\t\t\t<\/div>\n\t\t","protected":false},"excerpt":{"rendered":"<p>Th\u00e1i B\u00ecnh &#038; H\u00e0 Xuy\u00ean L\u1ec4 TH\u00c0NH H\u00d4N Ng\u00e0y 22 th\u00e1ng 11 n\u0103m 2020 Trung t\u00e2m t\u1ed5 ch\u1ee9c s\u1ef1 ki\u1ec7n Uri Palace s\u1ed1 23 \u0111\u01b0\u1eddng L\u00ea Th\u00e1i T\u1ed5, TP B\u1eafc Ninh Con\/ch\u00e1u\/em Th\u00e1i B\u00ecnh v\u00e0 H\u00e0 Xuy\u00ean tr\u00e2n tr\u1ecdng g\u1eedi l\u1eddi m\u1eddi \u0111\u1ebfn c\u00e1c c\u1ee5, c\u00e1c \u00f4ng, c\u00e1c b\u00e0, c\u00e1c b\u00e1c, c\u00e1c c\u00f4, c\u00e1c ch\u00fa h\u1ecd h\u00e0ng hai b\u00ean; c\u00e1c&#8230;<\/p>\n","protected":false},"author":1,"featured_media":0,"parent":0,"menu_order":0,"comment_status":"closed","ping_status":"closed","template":"elementor_header_footer","meta":{"footnotes":""},"class_list":["post-102","page","type-page","status-publish","hentry"],"_links":{"self":[{"href":"https:\/\/thaibinhhaxuyen.com\/index.php\/wp-json\/wp\/v2\/pages\/102","targetHints":{"allow":["GET"]}}],"collection":[{"href":"https:\/\/thaibinhhaxuyen.com\/index.php\/wp-json\/wp\/v2\/pages"}],"about":[{"href":"https:\/\/thaibinhhaxuyen.com\/index.php\/wp-json\/wp\/v2\/types\/page"}],"author":[{"embeddable":true,"href":"https:\/\/thaibinhhaxuyen.com\/index.php\/wp-json\/wp\/v2\/users\/1"}],"replies":[{"embeddable":true,"href":"https:\/\/thaibinhhaxuyen.com\/index.php\/wp-json\/wp\/v2\/comments?post=102"}],"version-history":[{"count":104,"href":"https:\/\/thaibinhhaxuyen.com\/index.php\/wp-json\/wp\/v2\/pages\/102\/revisions"}],"predecessor-version":[{"id":429,"href":"https:\/\/thaibinhhaxuyen.com\/index.php\/wp-json\/wp\/v2\/pages\/102\/revisions\/429"}],"wp:attachment":[{"href":"https:\/\/thaibinhhaxuyen.com\/index.php\/wp-json\/wp\/v2\/media?parent=102"}],"curies":[{"name":"wp","href":"https:\/\/api.w.org\/{rel}","templated":true}]}}